{"id":295,"date":"2026-04-02T15:00:21","date_gmt":"2026-04-02T15:00:21","guid":{"rendered":"https:\/\/onyxwolf.ovh\/index.php\/services\/"},"modified":"2026-04-02T15:00:25","modified_gmt":"2026-04-02T15:00:25","slug":"services","status":"publish","type":"page","link":"https:\/\/onyxwolf.ovh\/index.php\/services\/","title":{"rendered":"Services"},"content":{"rendered":"\n<div class=\"wp-block-uagb-container uagb-block-b6c6af1c alignfull uagb-is-root-container\"><div class=\"uagb-container-inner-blocks-wrap\">\n<div class=\"wp-block-uagb-advanced-heading uagb-block-323b3e55\"><div class=\"uagb-separator\"><\/div><h1 class=\"uagb-heading-text\">Nasze Us\u0142ugi<\/h1><p class=\"uagb-desc-text\">Kompleksowe rozwi\u0105zania w automatyce i robotyce<\/p><\/div>\n<\/div><\/div>\n\n\n\n<div class=\"wp-block-uagb-container uagb-block-d3ba2f97 alignfull uagb-is-root-container\"><div class=\"uagb-container-inner-blocks-wrap\">\n<div class=\"wp-block-uagb-container uagb-block-8aa511ef\">\n<div class=\"wp-block-uagb-image uagb-block-670ae18e wp-block-uagb-image--layout-default wp-block-uagb-image--effect-static wp-block-uagb-image--align-none\"><figure class=\"wp-block-uagb-image__figure\"><img loading=\"lazy\" decoding=\"async\" srcset=\"https:\/\/onyxwolf.ovh\/wp-content\/uploads\/2024\/05\/services-01.jpg ,https:\/\/onyxwolf.ovh\/wp-content\/uploads\/2024\/05\/services-01.jpg 780w, https:\/\/onyxwolf.ovh\/wp-content\/uploads\/2024\/05\/services-01.jpg 360w\" sizes=\"auto, (max-width: 480px) 150px\" src=\"https:\/\/onyxwolf.ovh\/wp-content\/uploads\/2024\/05\/services-01.jpg\" alt=\"\" class=\"uag-image-78\" width=\"500\" height=\"300\" title=\"services-01\" loading=\"lazy\" role=\"img\"\/><\/figure><\/div>\n\n\n\n<div class=\"wp-block-uagb-info-box uagb-block-dfa51bfd uagb-infobox__content-wrap  uagb-infobox-icon-above-title uagb-infobox-image-valign-top\"><div class=\"uagb-ifb-content\"><div class=\"uagb-ifb-title-wrap\"><span class=\"uagb-ifb-title-prefix\">01.<\/span><h2 class=\"uagb-ifb-title\">Projektowanie maszyn<\/h2><\/div><div class=\"uagb-ifb-separator\"><\/div><p class=\"uagb-ifb-desc\">Oferujemy projektowanie i budow\u0119 maszyn specjalnych, obejmuj\u0105ce wszystkie etapy od koncepcji, przez projektowanie mechaniczne i elektryczne, a\u017c po wykonanie i uruchomienie maszyn zgodnych z normami CE.<\/p><\/div><\/div>\n<\/div>\n\n\n\n<div class=\"wp-block-uagb-container uagb-block-0882eef6\">\n<div class=\"wp-block-uagb-image uagb-block-9a36b508 wp-block-uagb-image--layout-default wp-block-uagb-image--effect-static wp-block-uagb-image--align-none\"><figure class=\"wp-block-uagb-image__figure\"><img loading=\"lazy\" decoding=\"async\" srcset=\"https:\/\/onyxwolf.ovh\/wp-content\/uploads\/2024\/05\/services-02.jpg ,https:\/\/onyxwolf.ovh\/wp-content\/uploads\/2024\/05\/services-02.jpg 780w, https:\/\/onyxwolf.ovh\/wp-content\/uploads\/2024\/05\/services-02.jpg 360w\" sizes=\"auto, (max-width: 480px) 150px\" src=\"https:\/\/onyxwolf.ovh\/wp-content\/uploads\/2024\/05\/services-02.jpg\" alt=\"\" class=\"uag-image-79\" width=\"500\" height=\"300\" title=\"services-02\" loading=\"lazy\" role=\"img\"\/><\/figure><\/div>\n\n\n\n<div class=\"wp-block-uagb-info-box uagb-block-2f2beea1 uagb-infobox__content-wrap  uagb-infobox-icon-above-title uagb-infobox-image-valign-top\"><div class=\"uagb-ifb-content\"><div class=\"uagb-ifb-title-wrap\"><span class=\"uagb-ifb-title-prefix\">02.<\/span><h2 class=\"uagb-ifb-title\">Budowa linii produkcyjnych<\/h2><\/div><div class=\"uagb-ifb-separator\"><\/div><p class=\"uagb-ifb-desc\">Specjalizujemy si\u0119 w projektowaniu i budowie zautomatyzowanych linii produkcyjnych, kt\u00f3re uwzgl\u0119dniaj\u0105 ergonomi\u0119, przepustowo\u015b\u0107 oraz mo\u017cliwo\u015bci rozbudowy. Nasze linie s\u0105 dostosowane do specyficznych potrzeb klienta.<\/p><\/div><\/div>\n<\/div>\n\n\n\n<div class=\"wp-block-uagb-container uagb-block-1a6408c5\">\n<div class=\"wp-block-uagb-image uagb-block-a4e98c1f wp-block-uagb-image--layout-default wp-block-uagb-image--effect-static wp-block-uagb-image--align-none\"><figure class=\"wp-block-uagb-image__figure\"><img loading=\"lazy\" decoding=\"async\" srcset=\"https:\/\/onyxwolf.ovh\/wp-content\/uploads\/2024\/05\/services-03.jpg ,https:\/\/onyxwolf.ovh\/wp-content\/uploads\/2024\/05\/services-03.jpg 780w, https:\/\/onyxwolf.ovh\/wp-content\/uploads\/2024\/05\/services-03.jpg 360w\" sizes=\"auto, (max-width: 480px) 150px\" src=\"https:\/\/onyxwolf.ovh\/wp-content\/uploads\/2024\/05\/services-03.jpg\" alt=\"\" class=\"uag-image-80\" width=\"500\" height=\"300\" title=\"services-03\" loading=\"lazy\" role=\"img\"\/><\/figure><\/div>\n\n\n\n<div class=\"wp-block-uagb-info-box uagb-block-4b7e7cf8 uagb-infobox__content-wrap  uagb-infobox-icon-above-title uagb-infobox-image-valign-top\"><div class=\"uagb-ifb-content\"><div class=\"uagb-ifb-title-wrap\"><span class=\"uagb-ifb-title-prefix\">03.<\/span><h2 class=\"uagb-ifb-title\">Integracja robot\u00f3w<\/h2><\/div><div class=\"uagb-ifb-separator\"><\/div><p class=\"uagb-ifb-desc\">Zapewniamy kompleksow\u0105 integracj\u0119 robot\u00f3w 6-osiowych, SCARA i Delta w procesach wymagaj\u0105cych du\u017cej precyzji oraz powtarzalno\u015bci. Oferujemy r\u00f3wnie\u017c programowanie i interfejsy z systemami nadrz\u0119dnymi.<\/p><\/div><\/div>\n<\/div>\n\n\n\n<div class=\"wp-block-uagb-container uagb-block-4c354b31\">\n<div class=\"wp-block-uagb-image uagb-block-97eefb4c wp-block-uagb-image--layout-default wp-block-uagb-image--effect-static wp-block-uagb-image--align-none\"><figure class=\"wp-block-uagb-image__figure\"><img loading=\"lazy\" decoding=\"async\" srcset=\"https:\/\/onyxwolf.ovh\/wp-content\/uploads\/2024\/05\/services-04.jpg ,https:\/\/onyxwolf.ovh\/wp-content\/uploads\/2024\/05\/services-04.jpg 780w, https:\/\/onyxwolf.ovh\/wp-content\/uploads\/2024\/05\/services-04.jpg 360w\" sizes=\"auto, (max-width: 480px) 150px\" src=\"https:\/\/onyxwolf.ovh\/wp-content\/uploads\/2024\/05\/services-04.jpg\" alt=\"\" class=\"uag-image-81\" width=\"500\" height=\"300\" title=\"services-04\" loading=\"lazy\" role=\"img\"\/><\/figure><\/div>\n\n\n\n<div class=\"wp-block-uagb-info-box uagb-block-be67d1aa uagb-infobox__content-wrap  uagb-infobox-icon-above-title uagb-infobox-image-valign-top\"><div class=\"uagb-ifb-content\"><div class=\"uagb-ifb-title-wrap\"><span class=\"uagb-ifb-title-prefix\">04.<\/span><h2 class=\"uagb-ifb-title\">Automatyka przemys\u0142owa<\/h2><\/div><div class=\"uagb-ifb-separator\"><\/div><p class=\"uagb-ifb-desc\">Projektujemy i integrujemy systemy automatyki, w tym PLC, HMI, SCADA oraz czujniki. Nasze rozwi\u0105zania obejmuj\u0105 tworzenie architektury sterowania, wizualizacji oraz raportowania danych procesowych.<\/p><\/div><\/div>\n<\/div>\n<\/div><\/div>\n\n\n\n<div class=\"wp-block-uagb-container uagb-block-466b351f alignfull uagb-is-root-container\"><div class=\"uagb-container-inner-blocks-wrap\">\n<div class=\"wp-block-uagb-advanced-heading uagb-block-a5d004a0\"><h2 class=\"uagb-heading-text\">Jak to dzia\u0142a?<\/h2><div class=\"uagb-separator\"><\/div><\/div>\n\n\n\n<div class=\"wp-block-uagb-container uagb-block-e6163eaa\">\n<div class=\"wp-block-uagb-info-box uagb-block-5e42581f uagb-infobox__content-wrap  uagb-infobox-icon-above-title uagb-infobox-image-valign-top\"><div class=\"uagb-ifb-content\"><div class=\"uagb-ifb-title-wrap\"><span class=\"uagb-ifb-title-prefix\">01<\/span><h3 class=\"uagb-ifb-title\">Konsultacja<\/h3><\/div><p class=\"uagb-ifb-desc\">Rozpoczynamy od szczeg\u00f3\u0142owej analizy potrzeb klienta, aby dostosowa\u0107 rozwi\u0105zania do konkretnych wymaga\u0144 technologicznych.<\/p><\/div><\/div>\n\n\n\n<div class=\"wp-block-uagb-info-box uagb-block-ecab534c uagb-infobox__content-wrap  uagb-infobox-icon-above-title uagb-infobox-image-valign-top\"><div class=\"uagb-ifb-content\"><div class=\"uagb-ifb-title-wrap\"><span class=\"uagb-ifb-title-prefix\">02<\/span><h3 class=\"uagb-ifb-title\">Planowanie<\/h3><\/div><p class=\"uagb-ifb-desc\">Tworzymy szczeg\u00f3\u0142owy plan dzia\u0142ania, w tym projekty mechaniczne, elektryczne oraz harmonogram realizacji ca\u0142ego projektu.<\/p><\/div><\/div>\n\n\n\n<div class=\"wp-block-uagb-info-box uagb-block-68e4a679 uagb-infobox__content-wrap  uagb-infobox-icon-above-title uagb-infobox-image-valign-top\"><div class=\"uagb-ifb-content\"><div class=\"uagb-ifb-title-wrap\"><span class=\"uagb-ifb-title-prefix\">03<\/span><h3 class=\"uagb-ifb-title\">Realizacja<\/h3><\/div><p class=\"uagb-ifb-desc\">Realizujemy zam\u00f3wienia, dostarczaj\u0105c maszyny oraz systemy gotowe do wdro\u017cenia, zapewniaj\u0105c pe\u0142ne wsparcie techniczne i szkolenia dla operator\u00f3w.<\/p><\/div><\/div>\n<\/div>\n<\/div><\/div>\n\n\n\n<div class=\"wp-block-uagb-container uagb-block-c584b42a default uagb-is-root-container\">\n<div class=\"wp-block-uagb-info-box uagb-block-ffe5d344 uagb-infobox__content-wrap  uagb-infobox-icon-above-title uagb-infobox-image-valign-top wp-block-uagb-info-box--has-margin\"><div class=\"uagb-infobox-margin-wrapper\"><div class=\"uagb-ifb-content\"><div class=\"uagb-ifb-title-wrap\"><div class=\"uagb-ifb-separator\"><\/div><h2 class=\"uagb-ifb-title\">Gotowy na nowe wyzwania w produkcji?<\/h2><\/div><p class=\"uagb-ifb-desc\">Skontaktuj si\u0119 z nami, aby dowiedzie\u0107 si\u0119 wi\u0119cej o naszych innowacyjnych rozwi\u0105zaniach.<\/p><div class=\"uagb-ifb-button-wrapper wp-block-button\"><a href=\"\/contact\/\" class=\"uagb-infobox-cta-link wp-block-button__link\" target=\"_self\" rel=\"noopener noreferrer\" onclick=\"return true;\" alt=\"\"><span class=\"uagb-inline-editing\">Rozpocznij teraz<\/span><\/a><\/div><\/div><\/div><\/div>\n<\/div>\n","protected":false},"excerpt":{"rendered":"<p>Nasze Us\u0142ugi Kompleksowe rozwi\u0105zania w automatyce i robotyce Jak to dzia\u0142a?<\/p>\n","protected":false},"author":1,"featured_media":0,"parent":0,"menu_order":0,"comment_status":"closed","ping_status":"closed","template":"","meta":{"_uag_custom_page_level_css":"","site-sidebar-layout":"default","site-content-layout":"","ast-site-content-layout":"default","site-content-style":"default","site-sidebar-style":"default","ast-global-header-display":"","ast-banner-title-visibility":"","ast-main-header-display":"","ast-hfb-above-header-display":"","ast-hfb-below-header-display":"","ast-hfb-mobile-header-display":"","site-post-title":"disabled","ast-breadcrumbs-content":"","ast-featured-img":"","footer-sml-layout":"","ast-disable-related-posts":"","theme-transparent-header-meta":"","adv-header-id-meta":"","stick-header-meta":"","header-above-stick-meta":"","header-main-stick-meta":"","header-below-stick-meta":"","astra-migrate-meta-layouts":"default","ast-page-background-enabled":"default","ast-page-background-meta":{"desktop":{"background-color":"var(--ast-global-color-4)","background-image":"","background-repeat":"repeat","background-position":"center center","background-size":"auto","background-attachment":"scroll","background-type":"","background-media":"","overlay-type":"","overlay-color":"","overlay-opacity":"","overlay-gradient":""},"tablet":{"background-color":"","background-image":"","background-repeat":"repeat","background-position":"center center","background-size":"auto","background-attachment":"scroll","background-type":"","background-media":"","overlay-type":"","overlay-color":"","overlay-opacity":"","overlay-gradient":""},"mobile":{"background-color":"","background-image":"","background-repeat":"repeat","background-position":"center center","background-size":"auto","background-attachment":"scroll","background-type":"","background-media":"","overlay-type":"","overlay-color":"","overlay-opacity":"","overlay-gradient":""}},"ast-content-background-meta":{"desktop":{"background-color":"var(--ast-global-color-5)","background-image":"","background-repeat":"repeat","background-position":"center center","background-size":"auto","background-attachment":"scroll","background-type":"","background-media":"","overlay-type":"","overlay-color":"","overlay-opacity":"","overlay-gradient":""},"tablet":{"background-color":"var(--ast-global-color-5)","background-image":"","background-repeat":"repeat","background-position":"center center","background-size":"auto","background-attachment":"scroll","background-type":"","background-media":"","overlay-type":"","overlay-color":"","overlay-opacity":"","overlay-gradient":""},"mobile":{"background-color":"var(--ast-global-color-5)","background-image":"","background-repeat":"repeat","background-position":"center center","background-size":"auto","background-attachment":"scroll","background-type":"","background-media":"","overlay-type":"","overlay-color":"","overlay-opacity":"","overlay-gradient":""}},"footnotes":""},"class_list":["post-295","page","type-page","status-publish","hentry"],"uagb_featured_image_src":{"full":false,"thumbnail":false,"medium":false,"medium_large":false,"large":false,"1536x1536":false,"2048x2048":false},"uagb_author_info":{"display_name":"admin5181","author_link":"https:\/\/onyxwolf.ovh\/index.php\/author\/admin5181\/"},"uagb_comment_info":0,"uagb_excerpt":"Nasze Us\u0142ugi Kompleksowe rozwi\u0105zania w automatyce i robotyce Jak to dzia\u0142a?","_links":{"self":[{"href":"https:\/\/onyxwolf.ovh\/index.php\/wp-json\/wp\/v2\/pages\/295","targetHints":{"allow":["GET"]}}],"collection":[{"href":"https:\/\/onyxwolf.ovh\/index.php\/wp-json\/wp\/v2\/pages"}],"about":[{"href":"https:\/\/onyxwolf.ovh\/index.php\/wp-json\/wp\/v2\/types\/page"}],"author":[{"embeddable":true,"href":"https:\/\/onyxwolf.ovh\/index.php\/wp-json\/wp\/v2\/users\/1"}],"replies":[{"embeddable":true,"href":"https:\/\/onyxwolf.ovh\/index.php\/wp-json\/wp\/v2\/comments?post=295"}],"version-history":[{"count":2,"href":"https:\/\/onyxwolf.ovh\/index.php\/wp-json\/wp\/v2\/pages\/295\/revisions"}],"predecessor-version":[{"id":315,"href":"https:\/\/onyxwolf.ovh\/index.php\/wp-json\/wp\/v2\/pages\/295\/revisions\/315"}],"wp:attachment":[{"href":"https:\/\/onyxwolf.ovh\/index.php\/wp-json\/wp\/v2\/media?parent=295"}],"curies":[{"name":"wp","href":"https:\/\/api.w.org\/{rel}","templated":true}]}}