{"id":294,"date":"2026-04-02T15:00:21","date_gmt":"2026-04-02T15:00:21","guid":{"rendered":"https:\/\/onyxwolf.ovh\/index.php\/about\/"},"modified":"2026-04-02T15:00:25","modified_gmt":"2026-04-02T15:00:25","slug":"about","status":"publish","type":"page","link":"https:\/\/onyxwolf.ovh\/index.php\/about\/","title":{"rendered":"About"},"content":{"rendered":"\n<div class=\"wp-block-uagb-container uagb-block-b6c6af1c alignfull uagb-is-root-container\"><div class=\"uagb-container-inner-blocks-wrap\">\n<div class=\"wp-block-uagb-advanced-heading uagb-block-323b3e55\"><div class=\"uagb-separator\"><\/div><h1 class=\"uagb-heading-text\">Poznaj Onyx Wolf<\/h1><p class=\"uagb-desc-text\">Innowacyjne rozwi\u0105zania w automatyce i robotyce dla przemys\u0142u<\/p><\/div>\n<\/div><\/div>\n\n\n\n<div class=\"wp-block-uagb-container uagb-layout-grid uagb-block-09a2dff8 alignfull uagb-is-root-container\"><div class=\"uagb-container-inner-blocks-wrap\">\n<div class=\"wp-block-uagb-container uagb-block-92559a39\">\n<div class=\"wp-block-uagb-image uagb-block-642acdb2 wp-block-uagb-image--layout-default wp-block-uagb-image--effect-static wp-block-uagb-image--align-none uag-hide-tab uag-hide-mob\"><figure class=\"wp-block-uagb-image__figure\"><img loading=\"lazy\" decoding=\"async\" srcset=\"https:\/\/onyxwolf.ovh\/wp-content\/uploads\/2024\/05\/about-us-01.jpg ,https:\/\/onyxwolf.ovh\/wp-content\/uploads\/2024\/05\/about-us-01.jpg 780w, https:\/\/onyxwolf.ovh\/wp-content\/uploads\/2024\/05\/about-us-01.jpg 360w\" sizes=\"auto, (max-width: 480px) 150px\" src=\"https:\/\/onyxwolf.ovh\/wp-content\/uploads\/2024\/05\/about-us-01.jpg\" alt=\"\" class=\"uag-image-73\" width=\"310\" height=\"500\" title=\"about-us-01\" loading=\"lazy\" role=\"img\"\/><\/figure><\/div>\n\n\n\n<div class=\"wp-block-uagb-image uagb-block-7a06ecd8 wp-block-uagb-image--layout-default wp-block-uagb-image--effect-static wp-block-uagb-image--align-none\"><figure class=\"wp-block-uagb-image__figure\"><img loading=\"lazy\" decoding=\"async\" srcset=\"https:\/\/onyxwolf.ovh\/wp-content\/uploads\/2024\/05\/about-us-02.jpg ,https:\/\/onyxwolf.ovh\/wp-content\/uploads\/2024\/05\/about-us-02.jpg 780w, https:\/\/onyxwolf.ovh\/wp-content\/uploads\/2024\/05\/about-us-02.jpg 360w\" sizes=\"auto, (max-width: 480px) 150px\" src=\"https:\/\/onyxwolf.ovh\/wp-content\/uploads\/2024\/05\/about-us-02.jpg\" alt=\"\" class=\"uag-image-74\" width=\"310\" height=\"500\" title=\"about-us-02\" loading=\"lazy\" role=\"img\"\/><\/figure><\/div>\n<\/div>\n\n\n\n<div class=\"wp-block-uagb-info-box uagb-block-2f2beea1 uagb-infobox__content-wrap  uagb-infobox-icon-above-title uagb-infobox-image-valign-top\"><div class=\"uagb-ifb-content\"><div class=\"uagb-ifb-title-wrap\"><h2 class=\"uagb-ifb-title-prefix\">O firmie Onyx Wolf<\/h2><div class=\"uagb-ifb-separator\"><\/div><p class=\"uagb-ifb-title\">Firma Onyx Wolf dostarcza kompleksowe rozwi\u0105zania dla przemys\u0142u, \u0142\u0105cz\u0105c innowacyjn\u0105 technologi\u0119 z wydajno\u015bci\u0105. Nasze us\u0142ugi przyczyni\u0142y si\u0119 do znacz\u0105cej optymalizacji proces\u00f3w produkcyjnych u naszych klient\u00f3w.<\/p><\/div><p class=\"uagb-ifb-desc\">Dzi\u0119ki naszym technologiom, klienci osi\u0105gn\u0119li wi\u0119ksz\u0105 efektywno\u015b\u0107 i redukcj\u0119 koszt\u00f3w, co prze\u0142o\u017cy\u0142o si\u0119 na ich sukcesy rynkowe.<\/p><\/div><\/div>\n<\/div><\/div>\n\n\n\n<div class=\"wp-block-uagb-container uagb-block-ea6d5fc6 default uagb-is-root-container\">\n<div class=\"wp-block-uagb-container uagb-block-6f7454bf\">\n<div class=\"wp-block-uagb-counter uagb-block-c576f5d2 wp-block-uagb-counter--number\"><div class=\"wp-block-uagb-counter__number\"><span class=\"uagb-counter-block-number\" data-duration=\"1.5\" data-to-value=\"20\" data-from-value=\"0\" data-delimiter=\",\"><\/span><span class=\"uagb-counter-block-suffix\">+<\/span><\/div><div class=\"wp-block-uagb-counter__title\">Lata do\u015bwiadczenia<\/div><\/div>\n<\/div>\n\n\n\n<div class=\"wp-block-uagb-container uagb-block-b7d41fee\">\n<div class=\"wp-block-uagb-counter uagb-block-71e8cb14 wp-block-uagb-counter--number\"><div class=\"wp-block-uagb-counter__number\"><span class=\"uagb-counter-block-number\" data-duration=\"1.5\" data-to-value=\"700\" data-from-value=\"0\" data-delimiter=\",\"><\/span><span class=\"uagb-counter-block-suffix\">+<\/span><\/div><div class=\"wp-block-uagb-counter__title\">Szcz\u0119\u015bliwi klienci<\/div><\/div>\n<\/div>\n\n\n\n<div class=\"wp-block-uagb-container uagb-block-0588abef\">\n<div class=\"wp-block-uagb-counter uagb-block-ea6fab80 wp-block-uagb-counter--number\"><div class=\"wp-block-uagb-counter__number\"><span class=\"uagb-counter-block-number\" data-duration=\"1.5\" data-to-value=\"8\" data-from-value=\"0\" data-delimiter=\",\"><\/span><span class=\"uagb-counter-block-suffix\">+<\/span><\/div><div class=\"wp-block-uagb-counter__title\">Nagroda<\/div><\/div>\n<\/div>\n\n\n\n<div class=\"wp-block-uagb-container uagb-block-984af04b\">\n<div class=\"wp-block-uagb-counter uagb-block-be547797 wp-block-uagb-counter--number\"><div class=\"wp-block-uagb-counter__number\"><span class=\"uagb-counter-block-number\" data-duration=\"1.5\" data-to-value=\"90\" data-from-value=\"0\" data-delimiter=\",\"><\/span><span class=\"uagb-counter-block-suffix\">%<\/span><\/div><div class=\"wp-block-uagb-counter__title\">Satysfakcja klienta<\/div><\/div>\n<\/div>\n<\/div>\n\n\n\n<div class=\"wp-block-uagb-container uagb-layout-grid uagb-block-808eb0c8 alignfull uagb-is-root-container\"><div class=\"uagb-container-inner-blocks-wrap\">\n<div class=\"wp-block-uagb-advanced-heading uagb-block-a5d004a0\"><div class=\"uagb-separator\"><\/div><h2 class=\"uagb-heading-text\">Historia i rozw\u00f3j firmy<\/h2><\/div>\n\n\n\n<div class=\"wp-block-uagb-container uagb-block-5ebf0f0b\">\n<div class=\"wp-block-uagb-advanced-heading uagb-block-738d5bbf\"><p class=\"uagb-heading-text\">Firma Onyx Wolf powsta\u0142a z pasji do technologii i automatyzacji. Z biegiem lat zyska\u0142a zaufanie klient\u00f3w w bran\u017cy, dostarczaj\u0105c innowacyjne maszyny i rozwi\u0105zania.<\/p><\/div>\n\n\n\n<div class=\"wp-block-uagb-container uagb-layout-grid uagb-block-269e0cd4\">\n<div class=\"wp-block-uagb-advanced-heading uagb-block-cb3ed0f0\"><h3 class=\"uagb-heading-text\">Rok 2024<\/h3><div class=\"uagb-separator\"><\/div><p class=\"uagb-desc-text\">W 2015 roku Onyx Wolf zrealizowa\u0142 pierwsze zautomatyzowane linie produkcyjne, co otworzy\u0142o nowe mo\u017cliwo\u015bci dla klient\u00f3w.<\/p><\/div>\n\n\n\n<div class=\"wp-block-uagb-advanced-heading uagb-block-2f3e1b82\"><h3 class=\"uagb-heading-text\">Rok 2023<\/h3><div class=\"uagb-separator\"><\/div><p class=\"uagb-desc-text\">W 2018 roku firma wprowadzi\u0142a do oferty integracj\u0119 robot\u00f3w przemys\u0142owych, znacz\u0105co zwi\u0119kszaj\u0105c precyzj\u0119 i wydajno\u015b\u0107 proces\u00f3w produkcyjnych.<\/p><\/div>\n\n\n\n<div class=\"wp-block-uagb-advanced-heading uagb-block-5f525fa0\"><h3 class=\"uagb-heading-text\">Rok 2022<\/h3><div class=\"uagb-separator\"><\/div><p class=\"uagb-desc-text\">W 2020 roku dokonano poszerzenia oferty o zaawansowane systemy automatyki, wprowadzaj\u0105c nowe technologie na rynek europejski.<\/p><\/div>\n\n\n\n<div class=\"wp-block-uagb-advanced-heading uagb-block-82ca8334\"><h3 class=\"uagb-heading-text\">Rok 2021<\/h3><div class=\"uagb-separator\"><\/div><p class=\"uagb-desc-text\">W 2023 roku Onyx Wolf \u015bwi\u0119towa\u0142 8-lecie dzia\u0142alno\u015bci, zdobywaj\u0105c presti\u017cowego Klienta w bran\u017cy przetw\u00f3rstwa tworzyw sztucznych.<\/p><\/div>\n<\/div>\n<\/div>\n<\/div><\/div>\n\n\n\n<div class=\"wp-block-uagb-container uagb-block-32cd69d1 alignfull uagb-is-root-container\"><div class=\"uagb-container-inner-blocks-wrap\">\n<div class=\"wp-block-uagb-separator uagb-block-0abfa267\"><div class=\"wp-block-uagb-separator__inner\" style=\"--my-background-image:\"><\/div><\/div>\n\n\n\n<div class=\"wp-block-uagb-advanced-heading uagb-block-7ae2d4dc\"><h2 class=\"uagb-heading-text\">Nasz Zesp\u00f3\u0142<\/h2><div class=\"uagb-separator\"><\/div><\/div>\n\n\n\n<div class=\"wp-block-uagb-container uagb-block-35bcf83c\">\n<div class=\"wp-block-uagb-container uagb-block-5d3038f1\">\n<div class=\"wp-block-uagb-image aligncenter uagb-block-606427dd wp-block-uagb-image--layout-default wp-block-uagb-image--effect-static wp-block-uagb-image--align-center\"><figure class=\"wp-block-uagb-image__figure\"><img loading=\"lazy\" decoding=\"async\" srcset=\"https:\/\/onyxwolf.ovh\/wp-content\/uploads\/2024\/05\/team-skip-01.jpg ,https:\/\/onyxwolf.ovh\/wp-content\/uploads\/2024\/05\/team-skip-01.jpg 780w, https:\/\/onyxwolf.ovh\/wp-content\/uploads\/2024\/05\/team-skip-01.jpg 360w\" sizes=\"auto, (max-width: 480px) 150px\" src=\"https:\/\/onyxwolf.ovh\/wp-content\/uploads\/2024\/05\/team-skip-01.jpg\" alt=\"\" class=\"uag-image-82\" width=\"180\" height=\"180\" title=\"team-skip-01\" loading=\"lazy\" role=\"img\"\/><\/figure><\/div>\n\n\n\n<div class=\"wp-block-uagb-advanced-heading uagb-block-a5136477\"><div class=\"uagb-heading-text\">El\u017cbieta B.<\/div><p class=\"uagb-desc-text\">W\u0142a\u015bciciel<\/p><\/div>\n<\/div>\n\n\n\n<div class=\"wp-block-uagb-container uagb-block-f5ef5f56\">\n<div class=\"wp-block-uagb-image aligncenter uagb-block-3b996cee wp-block-uagb-image--layout-default wp-block-uagb-image--effect-static wp-block-uagb-image--align-center\"><figure class=\"wp-block-uagb-image__figure\"><img loading=\"lazy\" decoding=\"async\" srcset=\"https:\/\/onyxwolf.ovh\/wp-content\/uploads\/2024\/05\/team-skip-02.jpg ,https:\/\/onyxwolf.ovh\/wp-content\/uploads\/2024\/05\/team-skip-02.jpg 780w, https:\/\/onyxwolf.ovh\/wp-content\/uploads\/2024\/05\/team-skip-02.jpg 360w\" sizes=\"auto, (max-width: 480px) 150px\" src=\"https:\/\/onyxwolf.ovh\/wp-content\/uploads\/2024\/05\/team-skip-02.jpg\" alt=\"\" class=\"uag-image-83\" width=\"180\" height=\"180\" title=\"team-skip-02\" loading=\"lazy\" role=\"img\"\/><\/figure><\/div>\n\n\n\n<div class=\"wp-block-uagb-advanced-heading uagb-block-702d4f92\"><div class=\"uagb-heading-text\">Wade Warren<\/div><p class=\"uagb-desc-text\">Wsp\u00f3\u0142za\u0142o\u017cyciel<\/p><\/div>\n<\/div>\n\n\n\n<div class=\"wp-block-uagb-container uagb-block-76b67887\">\n<div class=\"wp-block-uagb-image aligncenter uagb-block-2f2c0e83 wp-block-uagb-image--layout-default wp-block-uagb-image--effect-static wp-block-uagb-image--align-center\"><figure class=\"wp-block-uagb-image__figure\"><img loading=\"lazy\" decoding=\"async\" srcset=\"https:\/\/onyxwolf.ovh\/wp-content\/uploads\/2024\/05\/team-skip-03.jpg ,https:\/\/onyxwolf.ovh\/wp-content\/uploads\/2024\/05\/team-skip-03.jpg 780w, https:\/\/onyxwolf.ovh\/wp-content\/uploads\/2024\/05\/team-skip-03.jpg 360w\" sizes=\"auto, (max-width: 480px) 150px\" src=\"https:\/\/onyxwolf.ovh\/wp-content\/uploads\/2024\/05\/team-skip-03.jpg\" alt=\"\" class=\"uag-image-84\" width=\"180\" height=\"180\" title=\"team-skip-03\" loading=\"lazy\" role=\"img\"\/><\/figure><\/div>\n\n\n\n<div class=\"wp-block-uagb-advanced-heading uagb-block-ada11a09\"><div class=\"uagb-heading-text\">Cameron Williamson<\/div><p class=\"uagb-desc-text\">Kierownik marketingu<\/p><\/div>\n<\/div>\n\n\n\n<div class=\"wp-block-uagb-container uagb-block-d44378ae\">\n<div class=\"wp-block-uagb-image aligncenter uagb-block-eb2c35c3 wp-block-uagb-image--layout-default wp-block-uagb-image--effect-static wp-block-uagb-image--align-center\"><figure class=\"wp-block-uagb-image__figure\"><img loading=\"lazy\" decoding=\"async\" srcset=\"https:\/\/onyxwolf.ovh\/wp-content\/uploads\/2024\/05\/team-skip-04.jpg ,https:\/\/onyxwolf.ovh\/wp-content\/uploads\/2024\/05\/team-skip-04.jpg 780w, https:\/\/onyxwolf.ovh\/wp-content\/uploads\/2024\/05\/team-skip-04.jpg 360w\" sizes=\"auto, (max-width: 480px) 150px\" src=\"https:\/\/onyxwolf.ovh\/wp-content\/uploads\/2024\/05\/team-skip-04.jpg\" alt=\"\" class=\"uag-image-85\" width=\"180\" height=\"180\" title=\"team-skip-04\" loading=\"lazy\" role=\"img\"\/><\/figure><\/div>\n\n\n\n<div class=\"wp-block-uagb-advanced-heading uagb-block-d332ab1a\"><div class=\"uagb-heading-text\">Henry Smith<\/div><p class=\"uagb-desc-text\">Kierownik marketingu<\/p><\/div>\n<\/div>\n<\/div>\n<\/div><\/div>\n\n\n\n<div class=\"wp-block-uagb-container uagb-block-c584b42a default uagb-is-root-container\">\n<div class=\"wp-block-uagb-info-box uagb-block-ffe5d344 uagb-infobox__content-wrap  uagb-infobox-icon-above-title uagb-infobox-image-valign-top wp-block-uagb-info-box--has-margin\"><div class=\"uagb-infobox-margin-wrapper\"><div class=\"uagb-ifb-content\"><div class=\"uagb-ifb-title-wrap\"><div class=\"uagb-ifb-separator\"><\/div><h2 class=\"uagb-ifb-title\">Gotowy na nowe wyzwania w produkcji?<\/h2><\/div><p class=\"uagb-ifb-desc\">Skontaktuj si\u0119 z nami, aby dowiedzie\u0107 si\u0119 wi\u0119cej o naszych innowacyjnych rozwi\u0105zaniach.<\/p><div class=\"uagb-ifb-button-wrapper wp-block-button\"><a href=\"\/contact\/\" class=\"uagb-infobox-cta-link wp-block-button__link\" target=\"_self\" rel=\"noopener noreferrer\" onclick=\"return true;\" alt=\"\"><span class=\"uagb-inline-editing\">Rozpocznij teraz<\/span><\/a><\/div><\/div><\/div><\/div>\n<\/div>\n","protected":false},"excerpt":{"rendered":"<p>Poznaj Onyx Wolf Innowacyjne rozwi\u0105zania w automatyce i robotyce dla przemys\u0142u Historia i rozw\u00f3j firmy Firma Onyx Wolf powsta\u0142a z [&hellip;]<\/p>\n","protected":false},"author":1,"featured_media":0,"parent":0,"menu_order":0,"comment_status":"closed","ping_status":"closed","template":"","meta":{"_uag_custom_page_level_css":"","site-sidebar-layout":"default","site-content-layout":"","ast-site-content-layout":"default","site-content-style":"default","site-sidebar-style":"default","ast-global-header-display":"","ast-banner-title-visibility":"","ast-main-header-display":"","ast-hfb-above-header-display":"","ast-hfb-below-header-display":"","ast-hfb-mobile-header-display":"","site-post-title":"disabled","ast-breadcrumbs-content":"","ast-featured-img":"","footer-sml-layout":"","ast-disable-related-posts":"","theme-transparent-header-meta":"","adv-header-id-meta":"","stick-header-meta":"","header-above-stick-meta":"","header-main-stick-meta":"","header-below-stick-meta":"","astra-migrate-meta-layouts":"default","ast-page-background-enabled":"default","ast-page-background-meta":{"desktop":{"background-color":"var(--ast-global-color-4)","background-image":"","background-repeat":"repeat","background-position":"center center","background-size":"auto","background-attachment":"scroll","background-type":"","background-media":"","overlay-type":"","overlay-color":"","overlay-opacity":"","overlay-gradient":""},"tablet":{"background-color":"","background-image":"","background-repeat":"repeat","background-position":"center center","background-size":"auto","background-attachment":"scroll","background-type":"","background-media":"","overlay-type":"","overlay-color":"","overlay-opacity":"","overlay-gradient":""},"mobile":{"background-color":"","background-image":"","background-repeat":"repeat","background-position":"center center","background-size":"auto","background-attachment":"scroll","background-type":"","background-media":"","overlay-type":"","overlay-color":"","overlay-opacity":"","overlay-gradient":""}},"ast-content-background-meta":{"desktop":{"background-color":"var(--ast-global-color-5)","background-image":"","background-repeat":"repeat","background-position":"center center","background-size":"auto","background-attachment":"scroll","background-type":"","background-media":"","overlay-type":"","overlay-color":"","overlay-opacity":"","overlay-gradient":""},"tablet":{"background-color":"var(--ast-global-color-5)","background-image":"","background-repeat":"repeat","background-position":"center center","background-size":"auto","background-attachment":"scroll","background-type":"","background-media":"","overlay-type":"","overlay-color":"","overlay-opacity":"","overlay-gradient":""},"mobile":{"background-color":"var(--ast-global-color-5)","background-image":"","background-repeat":"repeat","background-position":"center center","background-size":"auto","background-attachment":"scroll","background-type":"","background-media":"","overlay-type":"","overlay-color":"","overlay-opacity":"","overlay-gradient":""}},"footnotes":""},"class_list":["post-294","page","type-page","status-publish","hentry"],"uagb_featured_image_src":{"full":false,"thumbnail":false,"medium":false,"medium_large":false,"large":false,"1536x1536":false,"2048x2048":false},"uagb_author_info":{"display_name":"admin5181","author_link":"https:\/\/onyxwolf.ovh\/index.php\/author\/admin5181\/"},"uagb_comment_info":0,"uagb_excerpt":"Poznaj Onyx Wolf Innowacyjne rozwi\u0105zania w automatyce i robotyce dla przemys\u0142u Historia i rozw\u00f3j firmy Firma Onyx Wolf powsta\u0142a z [&hellip;]","_links":{"self":[{"href":"https:\/\/onyxwolf.ovh\/index.php\/wp-json\/wp\/v2\/pages\/294","targetHints":{"allow":["GET"]}}],"collection":[{"href":"https:\/\/onyxwolf.ovh\/index.php\/wp-json\/wp\/v2\/pages"}],"about":[{"href":"https:\/\/onyxwolf.ovh\/index.php\/wp-json\/wp\/v2\/types\/page"}],"author":[{"embeddable":true,"href":"https:\/\/onyxwolf.ovh\/index.php\/wp-json\/wp\/v2\/users\/1"}],"replies":[{"embeddable":true,"href":"https:\/\/onyxwolf.ovh\/index.php\/wp-json\/wp\/v2\/comments?post=294"}],"version-history":[{"count":2,"href":"https:\/\/onyxwolf.ovh\/index.php\/wp-json\/wp\/v2\/pages\/294\/revisions"}],"predecessor-version":[{"id":313,"href":"https:\/\/onyxwolf.ovh\/index.php\/wp-json\/wp\/v2\/pages\/294\/revisions\/313"}],"wp:attachment":[{"href":"https:\/\/onyxwolf.ovh\/index.php\/wp-json\/wp\/v2\/media?parent=294"}],"curies":[{"name":"wp","href":"https:\/\/api.w.org\/{rel}","templated":true}]}}