{"id":293,"date":"2026-04-02T15:00:21","date_gmt":"2026-04-02T15:00:21","guid":{"rendered":"https:\/\/onyxwolf.ovh\/index.php\/home-2\/"},"modified":"2026-04-02T16:16:32","modified_gmt":"2026-04-02T16:16:32","slug":"home-2","status":"publish","type":"page","link":"https:\/\/onyxwolf.ovh\/","title":{"rendered":"Home"},"content":{"rendered":"\n<div class=\"wp-block-uagb-container uagb-block-abb85a82 alignfull uagb-is-root-container\"><div class=\"uagb-container-inner-blocks-wrap\">\n<div class=\"wp-block-uagb-info-box uagb-block-2ba65764 uagb-infobox__content-wrap  uagb-infobox-icon-above-title uagb-infobox-image-valign-top wp-block-uagb-info-box--has-margin\"><div class=\"uagb-infobox-margin-wrapper\"><div class=\"uagb-ifb-content\"><div class=\"uagb-ifb-title-wrap\"><span class=\"uagb-ifb-title-prefix\">Technologie Przemys\u0142owe<\/span><h1 class=\"uagb-ifb-title\">Zautomatyzuj Swoj\u0105 Produkcj\u0119 z Onyx Wolf<\/h1><\/div><p class=\"uagb-ifb-desc\">Oferujemy kompleksowe rozwi\u0105zania w zakresie automatyki, robotyki oraz technologii pakowania dla Twojego przemys\u0142u.<\/p><div class=\"uagb-ifb-button-wrapper wp-block-button\"><a href=\"contact\/\" class=\"uagb-infobox-cta-link wp-block-button__link\" target=\"_self\" rel=\"noopener noreferrer\" onclick=\"return true;\"><span class=\"uagb-inline-editing\">Rozpocznij teraz<\/span><\/a><\/div><\/div><\/div><\/div>\n\n\n\n<div class=\"wp-block-group is-layout-constrained wp-block-group-is-layout-constrained\">\n<div class=\"wp-block-uagb-image aligncenter uagb-block-f8b35cf0 wp-block-uagb-image--layout-default wp-block-uagb-image--effect-static wp-block-uagb-image--align-center\"><figure class=\"wp-block-uagb-image__figure\"><img loading=\"lazy\" decoding=\"async\" srcset=\"https:\/\/onyxwolf.ovh\/wp-content\/uploads\/2026\/04\/pexels-photo-19233057-19233057-1024x683.jpg ,https:\/\/onyxwolf.ovh\/wp-content\/uploads\/2026\/04\/pexels-photo-19233057-19233057-scaled.jpg 780w, https:\/\/onyxwolf.ovh\/wp-content\/uploads\/2026\/04\/pexels-photo-19233057-19233057-scaled.jpg 360w\" sizes=\"auto, (max-width: 480px) 150px\" src=\"https:\/\/onyxwolf.ovh\/wp-content\/uploads\/2026\/04\/pexels-photo-19233057-19233057-1024x683.jpg\" alt=\"High-tech robots assembling a car in a modern factory setting, showcasing automation.\" class=\"uag-image-348\" width=\"1200\" height=\"600\" title=\"pexels-photo-19233057-19233057\" loading=\"lazy\" role=\"img\"\/><\/figure><\/div>\n<\/div>\n<\/div><\/div>\n\n\n\n<div class=\"wp-block-uagb-container uagb-block-eb2c8490 default uagb-is-root-container\">\n<div class=\"wp-block-uagb-advanced-heading uagb-block-9ab6255a\"><h2 class=\"uagb-heading-text\">Nasze Us\u0142ugi<\/h2><div class=\"uagb-separator\"><\/div><\/div>\n\n\n\n<div class=\"wp-block-uagb-container uagb-block-891e0dd8\">\n<div class=\"wp-block-uagb-info-box uagb-block-ecab534c uagb-infobox__content-wrap  uagb-infobox-icon-above-title uagb-infobox-image-valign-top\"><div class=\"uagb-ifb-content\"><div class=\"uagb-ifb-title-wrap\"><span class=\"uagb-ifb-title-prefix\">01.<\/span><h3 class=\"uagb-ifb-title\">Projektowanie maszyn<\/h3><\/div><p class=\"uagb-ifb-desc\">Kompleksowa budowa maszyn przemys\u0142owych na zam\u00f3wienie.<\/p><\/div><\/div>\n\n\n\n<div class=\"wp-block-uagb-info-box uagb-block-54195add uagb-infobox__content-wrap  uagb-infobox-icon-above-title uagb-infobox-image-valign-top\"><div class=\"uagb-ifb-content\"><div class=\"uagb-ifb-title-wrap\"><span class=\"uagb-ifb-title-prefix\">02.<\/span><h3 class=\"uagb-ifb-title\">Budowa linii produkcyjnych<\/h3><\/div><p class=\"uagb-ifb-desc\">Tworzenie wydajnych, zautomatyzowanych linii produkcyjnych.<\/p><\/div><\/div>\n\n\n\n<div class=\"wp-block-uagb-info-box uagb-block-6881abda uagb-infobox__content-wrap  uagb-infobox-icon-above-title uagb-infobox-image-valign-top\"><div class=\"uagb-ifb-content\"><div class=\"uagb-ifb-title-wrap\"><span class=\"uagb-ifb-title-prefix\">03.<\/span><h3 class=\"uagb-ifb-title\">Integracja robot\u00f3w<\/h3><\/div><p class=\"uagb-ifb-desc\">Dob\u00f3r i wdro\u017cenie robot\u00f3w przemys\u0142owych.<\/p><\/div><\/div>\n<\/div>\n\n\n\n<div class=\"wp-block-uagb-container uagb-block-694587bf\">\n<div class=\"wp-block-uagb-info-box uagb-block-7067089f uagb-infobox__content-wrap  uagb-infobox-icon-above-title uagb-infobox-image-valign-top\"><div class=\"uagb-ifb-content\"><div class=\"uagb-ifb-title-wrap\"><span class=\"uagb-ifb-title-prefix\">04.<\/span><h3 class=\"uagb-ifb-title\">Automatyka przemys\u0142owa<\/h3><\/div><p class=\"uagb-ifb-desc\">Kompleksowa budowa maszyn przemys\u0142owych na zam\u00f3wienie.<\/p><\/div><\/div>\n\n\n\n<div class=\"wp-block-uagb-info-box uagb-block-d69fe2ab uagb-infobox__content-wrap  uagb-infobox-icon-above-title uagb-infobox-image-valign-top\"><div class=\"uagb-ifb-content\"><div class=\"uagb-ifb-title-wrap\"><span class=\"uagb-ifb-title-prefix\">05.<\/span><h3 class=\"uagb-ifb-title\">Maszyny pakuj\u0105ce<\/h3><\/div><p class=\"uagb-ifb-desc\">Tworzenie wydajnych, zautomatyzowanych linii produkcyjnych.<\/p><div class=\"uagb-ifb-button-wrapper wp-block-button\"><a href=\"services\/\" target=\"_self\" onclick=\"return true;\" class=\"uagb-infobox-cta-link\" rel=\"noopener noreferrer\"><span class=\"uagb-inline-editing\">Czytaj wi\u0119cej<\/span><\/a><\/div><\/div><\/div>\n\n\n\n<div class=\"wp-block-uagb-info-box uagb-block-11480e83 uagb-infobox__content-wrap  uagb-infobox-icon-above-title uagb-infobox-image-valign-top\"><div class=\"uagb-ifb-content\"><div class=\"uagb-ifb-title-wrap\"><span class=\"uagb-ifb-title-prefix\">06.<\/span><h3 class=\"uagb-ifb-title\">Obr\u00f3bka CNC<\/h3><\/div><p class=\"uagb-ifb-desc\">Dob\u00f3r i wdro\u017cenie robot\u00f3w przemys\u0142owych.<\/p><div class=\"uagb-ifb-button-wrapper wp-block-button\"><a href=\"services\/\" target=\"_self\" onclick=\"return true;\" class=\"uagb-infobox-cta-link\" rel=\"noopener noreferrer\"><span class=\"uagb-inline-editing\">Czytaj wi\u0119cej<\/span><\/a><\/div><\/div><\/div>\n<\/div>\n<\/div>\n\n\n\n<div class=\"wp-block-uagb-container uagb-layout-flex uagb-block-e06056a5 default uagb-is-root-container\">\n<div class=\"wp-block-uagb-advanced-heading uagb-block-a5d004a0\"><div class=\"uagb-separator\"><\/div><h2 class=\"uagb-heading-text\">Skontaktuj si\u0119 z nami dzisiaj!<\/h2><\/div>\n\n\n\n<div class=\"wp-block-uagb-buttons uagb-buttons__outer-wrap uagb-btn__default-btn uagb-btn-tablet__default-btn uagb-btn-mobile__default-btn uagb-block-1bbd60f4\"><div class=\"uagb-buttons__wrap uagb-buttons-layout-wrap \">\n<div class=\"wp-block-uagb-buttons-child uagb-buttons__outer-wrap uagb-block-b2e393f2 wp-block-button\"><div class=\"uagb-button__wrapper\"><a class=\"uagb-buttons-repeater wp-block-button__link\" aria-label=\"\" href=\"contact\/\" rel=\"follow noopener\" target=\"_self\" role=\"button\"><div class=\"uagb-button__link\">Rozpocznij teraz<\/div><\/a><\/div><\/div>\n<\/div><\/div>\n<\/div>\n\n\n\n<div class=\"wp-block-uagb-container uagb-block-5437e5fe alignfull uagb-is-root-container\"><div class=\"uagb-container-inner-blocks-wrap\">\n<div class=\"wp-block-uagb-advanced-heading uagb-block-7ae2d4dc\"><h2 class=\"uagb-heading-text\">Nasza Warto\u015b\u0107 Unikalna<\/h2><div class=\"uagb-separator\"><\/div><\/div>\n\n\n\n<div class=\"wp-block-uagb-container uagb-layout-grid uagb-block-33274078\">\n<div class=\"wp-block-uagb-advanced-heading uagb-block-8b6b4270\"><h3 class=\"uagb-heading-text\">01<\/h3><\/div>\n\n\n\n<div class=\"wp-block-uagb-advanced-heading uagb-block-5730315d\"><h3 class=\"uagb-heading-text\">Innowacyjno\u015b\u0107<\/h3><\/div>\n\n\n\n<div class=\"wp-block-uagb-advanced-heading uagb-block-204d1a8b\"><p class=\"uagb-heading-text\">Dostarczamy nowoczesne rozwi\u0105zania technologiczne, kt\u00f3re zwi\u0119kszaj\u0105 wydajno\u015b\u0107 i efektywno\u015b\u0107 produkcji w r\u00f3\u017cnych bran\u017cach przemys\u0142owych.<\/p><\/div>\n<\/div>\n\n\n\n<div class=\"wp-block-uagb-container uagb-layout-grid uagb-block-4e102004\">\n<div class=\"wp-block-uagb-advanced-heading uagb-block-cdaed719\"><h3 class=\"uagb-heading-text\">02<\/h3><\/div>\n\n\n\n<div class=\"wp-block-uagb-advanced-heading uagb-block-cc12e72a\"><h3 class=\"uagb-heading-text\">Kompleksowo\u015b\u0107<\/h3><\/div>\n\n\n\n<div class=\"wp-block-uagb-advanced-heading uagb-block-4906a36c\"><p class=\"uagb-heading-text\">Oferujemy pe\u0142en zakres us\u0142ug, od projektowania po wdro\u017cenie, zapewniaj\u0105c naszym klientom wsparcie na ka\u017cdym etapie realizacji projekt\u00f3w.<\/p><\/div>\n<\/div>\n\n\n\n<div class=\"wp-block-uagb-container uagb-layout-grid uagb-block-c6f9629e\">\n<div class=\"wp-block-uagb-advanced-heading uagb-block-926e7242\"><h3 class=\"uagb-heading-text\">03<\/h3><\/div>\n\n\n\n<div class=\"wp-block-uagb-advanced-heading uagb-block-853ff8a0\"><h3 class=\"uagb-heading-text\">Do\u015bwiadczenie<\/h3><\/div>\n\n\n\n<div class=\"wp-block-uagb-advanced-heading uagb-block-770ca4df\"><p class=\"uagb-heading-text\">Nasz zesp\u00f3\u0142 sk\u0142ada si\u0119 z do\u015bwiadczonych profesjonalist\u00f3w, kt\u00f3rzy posiadaj\u0105 wiedz\u0119 i umiej\u0119tno\u015bci niezb\u0119dne do realizacji skomplikowanych projekt\u00f3w.<\/p><\/div>\n<\/div>\n<\/div><\/div>\n\n\n\n<div class=\"wp-block-uagb-advanced-heading uagb-block-6441034e\"><h2 class=\"uagb-heading-text\">Jak dzia\u0142amy<\/h2><\/div>\n\n\n\n<div class=\"wp-block-uagb-slider uagb-block-f578ea6b uagb-slider-container\"><div class=\"uagb-slides uagb-swiper\"><div class=\"swiper-wrapper\">\n<div class=\"wp-block-uagb-slider-child uagb-slider-child-wrap swiper-slide uagb-block-4c6e95d7\"><div class=\"swiper-content\">\n<div class=\"wp-block-uagb-container uagb-block-279a4646 alignfull uagb-is-root-container\"><div class=\"uagb-container-inner-blocks-wrap\">\n<div class=\"wp-block-uagb-info-box uagb-block-8f3f4c98 uagb-infobox__content-wrap  uagb-infobox-icon-above-title uagb-infobox-image-valign-top\"><div class=\"uagb-ifb-content\"><div class=\"uagb-ifb-icon-wrap\"><svg xmlns=\"https:\/\/www.w3.org\/2000\/svg\" viewBox=\"0 0 512 512\"><path d=\"M0 256C0 114.6 114.6 0 256 0C397.4 0 512 114.6 512 256C512 397.4 397.4 512 256 512C114.6 512 0 397.4 0 256zM371.8 211.8C382.7 200.9 382.7 183.1 371.8 172.2C360.9 161.3 343.1 161.3 332.2 172.2L224 280.4L179.8 236.2C168.9 225.3 151.1 225.3 140.2 236.2C129.3 247.1 129.3 264.9 140.2 275.8L204.2 339.8C215.1 350.7 232.9 350.7 243.8 339.8L371.8 211.8z\"><\/path><\/svg><\/div><div class=\"uagb-ifb-title-wrap\"><h3 class=\"uagb-ifb-title\">1. rozpoznanie potrzeb klienta<\/h3><\/div><p class=\"uagb-ifb-desc\">uwa\u017cnie s\u0142uchamy, analizujemy i wsp\u00f3lnie definiujemy cele \u2013 techniczne, operacyjne i biznesowe<\/p><\/div><\/div>\n<\/div><\/div>\n<\/div><\/div>\n\n\n\n<div class=\"wp-block-uagb-slider-child uagb-slider-child-wrap swiper-slide uagb-block-b623b1f2\"><div class=\"swiper-content\">\n<div class=\"wp-block-uagb-container uagb-block-fcf7e93a alignfull uagb-is-root-container\"><div class=\"uagb-container-inner-blocks-wrap\">\n<div class=\"wp-block-uagb-info-box uagb-block-c74441e0 uagb-infobox__content-wrap  uagb-infobox-icon-above-title uagb-infobox-image-valign-top\"><div class=\"uagb-ifb-content\"><div class=\"uagb-ifb-icon-wrap\"><svg xmlns=\"https:\/\/www.w3.org\/2000\/svg\" viewBox=\"0 0 512 512\"><path d=\"M0 256C0 114.6 114.6 0 256 0C397.4 0 512 114.6 512 256C512 397.4 397.4 512 256 512C114.6 512 0 397.4 0 256zM371.8 211.8C382.7 200.9 382.7 183.1 371.8 172.2C360.9 161.3 343.1 161.3 332.2 172.2L224 280.4L179.8 236.2C168.9 225.3 151.1 225.3 140.2 236.2C129.3 247.1 129.3 264.9 140.2 275.8L204.2 339.8C215.1 350.7 232.9 350.7 243.8 339.8L371.8 211.8z\"><\/path><\/svg><\/div><div class=\"uagb-ifb-title-wrap\"><h3 class=\"uagb-ifb-title\">2. dob\u00f3r partner\u00f3w technologicznych<\/h3><\/div><p class=\"uagb-ifb-desc\">wsp\u00f3\u0142pracujemy z zaufanymi firmami z obszaru budowy maszyn, automatyki i robotyki, dobieramy tych, kt\u00f3rzy najlepiej pasuj\u0105 do Twojego projektu<\/p><\/div><\/div>\n<\/div><\/div>\n<\/div><\/div>\n\n\n\n<div class=\"wp-block-uagb-slider-child uagb-slider-child-wrap swiper-slide uagb-block-1a1a4d07\"><div class=\"swiper-content\">\n<div class=\"wp-block-uagb-container uagb-block-4dfaf079 alignfull uagb-is-root-container\"><div class=\"uagb-container-inner-blocks-wrap\">\n<div class=\"wp-block-uagb-container uagb-block-c708980e\"><\/div>\n<\/div><\/div>\n<\/div><\/div>\n<\/div><\/div><div class=\"swiper-pagination\"><\/div><div class=\"swiper-button-prev\"><\/div><div class=\"swiper-button-next\"><\/div><\/div>\n\n\n\n<div class=\"wp-block-uagb-container uagb-block-c584b42a default uagb-is-root-container\">\n<div class=\"wp-block-uagb-info-box uagb-block-ffe5d344 uagb-infobox__content-wrap  uagb-infobox-icon-above-title uagb-infobox-image-valign-top wp-block-uagb-info-box--has-margin\"><div class=\"uagb-infobox-margin-wrapper\"><div class=\"uagb-ifb-content\"><div class=\"uagb-ifb-title-wrap\"><div class=\"uagb-ifb-separator\"><\/div><h2 class=\"uagb-ifb-title\">Gotowy na nowe wyzwania w produkcji?<\/h2><\/div><p class=\"uagb-ifb-desc\">Skontaktuj si\u0119 z nami, aby dowiedzie\u0107 si\u0119 wi\u0119cej o naszych innowacyjnych rozwi\u0105zaniach.<\/p><div class=\"uagb-ifb-button-wrapper wp-block-button\"><a href=\"\/contact\/\" class=\"uagb-infobox-cta-link wp-block-button__link\" target=\"_self\" rel=\"noopener noreferrer\" onclick=\"return true;\" alt=\"\"><span class=\"uagb-inline-editing\">Rozpocznij teraz<\/span><\/a><\/div><\/div><\/div><\/div>\n<\/div>\n","protected":false},"excerpt":{"rendered":"<p>Nasze Us\u0142ugi Skontaktuj si\u0119 z nami dzisiaj! Nasza Warto\u015b\u0107 Unikalna 01 Innowacyjno\u015b\u0107 Dostarczamy nowoczesne rozwi\u0105zania technologiczne, kt\u00f3re zwi\u0119kszaj\u0105 wydajno\u015b\u0107 i [&hellip;]<\/p>\n","protected":false},"author":1,"featured_media":0,"parent":0,"menu_order":0,"comment_status":"closed","ping_status":"closed","template":"","meta":{"_uag_custom_page_level_css":"","site-sidebar-layout":"default","site-content-layout":"","ast-site-content-layout":"default","site-content-style":"default","site-sidebar-style":"default","ast-global-header-display":"","ast-banner-title-visibility":"","ast-main-header-display":"","ast-hfb-above-header-display":"","ast-hfb-below-header-display":"","ast-hfb-mobile-header-display":"","site-post-title":"disabled","ast-breadcrumbs-content":"","ast-featured-img":"","footer-sml-layout":"","ast-disable-related-posts":"","theme-transparent-header-meta":"","adv-header-id-meta":"","stick-header-meta":"","header-above-stick-meta":"","header-main-stick-meta":"","header-below-stick-meta":"","astra-migrate-meta-layouts":"default","ast-page-background-enabled":"default","ast-page-background-meta":{"desktop":{"background-color":"var(--ast-global-color-4)","background-image":"","background-repeat":"repeat","background-position":"center center","background-size":"auto","background-attachment":"scroll","background-type":"","background-media":"","overlay-type":"","overlay-color":"","overlay-opacity":"","overlay-gradient":""},"tablet":{"background-color":"","background-image":"","background-repeat":"repeat","background-position":"center center","background-size":"auto","background-attachment":"scroll","background-type":"","background-media":"","overlay-type":"","overlay-color":"","overlay-opacity":"","overlay-gradient":""},"mobile":{"background-color":"","background-image":"","background-repeat":"repeat","background-position":"center center","background-size":"auto","background-attachment":"scroll","background-type":"","background-media":"","overlay-type":"","overlay-color":"","overlay-opacity":"","overlay-gradient":""}},"ast-content-background-meta":{"desktop":{"background-color":"var(--ast-global-color-5)","background-image":"","background-repeat":"repeat","background-position":"center center","background-size":"auto","background-attachment":"scroll","background-type":"","background-media":"","overlay-type":"","overlay-color":"","overlay-opacity":"","overlay-gradient":""},"tablet":{"background-color":"var(--ast-global-color-5)","background-image":"","background-repeat":"repeat","background-position":"center center","background-size":"auto","background-attachment":"scroll","background-type":"","background-media":"","overlay-type":"","overlay-color":"","overlay-opacity":"","overlay-gradient":""},"mobile":{"background-color":"var(--ast-global-color-5)","background-image":"","background-repeat":"repeat","background-position":"center center","background-size":"auto","background-attachment":"scroll","background-type":"","background-media":"","overlay-type":"","overlay-color":"","overlay-opacity":"","overlay-gradient":""}},"footnotes":""},"class_list":["post-293","page","type-page","status-publish","hentry"],"uagb_featured_image_src":{"full":false,"thumbnail":false,"medium":false,"medium_large":false,"large":false,"1536x1536":false,"2048x2048":false},"uagb_author_info":{"display_name":"admin5181","author_link":"https:\/\/onyxwolf.ovh\/index.php\/author\/admin5181\/"},"uagb_comment_info":0,"uagb_excerpt":"Nasze Us\u0142ugi Skontaktuj si\u0119 z nami dzisiaj! Nasza Warto\u015b\u0107 Unikalna 01 Innowacyjno\u015b\u0107 Dostarczamy nowoczesne rozwi\u0105zania technologiczne, kt\u00f3re zwi\u0119kszaj\u0105 wydajno\u015b\u0107 i [&hellip;]","_links":{"self":[{"href":"https:\/\/onyxwolf.ovh\/index.php\/wp-json\/wp\/v2\/pages\/293","targetHints":{"allow":["GET"]}}],"collection":[{"href":"https:\/\/onyxwolf.ovh\/index.php\/wp-json\/wp\/v2\/pages"}],"about":[{"href":"https:\/\/onyxwolf.ovh\/index.php\/wp-json\/wp\/v2\/types\/page"}],"author":[{"embeddable":true,"href":"https:\/\/onyxwolf.ovh\/index.php\/wp-json\/wp\/v2\/users\/1"}],"replies":[{"embeddable":true,"href":"https:\/\/onyxwolf.ovh\/index.php\/wp-json\/wp\/v2\/comments?post=293"}],"version-history":[{"count":6,"href":"https:\/\/onyxwolf.ovh\/index.php\/wp-json\/wp\/v2\/pages\/293\/revisions"}],"predecessor-version":[{"id":353,"href":"https:\/\/onyxwolf.ovh\/index.php\/wp-json\/wp\/v2\/pages\/293\/revisions\/353"}],"wp:attachment":[{"href":"https:\/\/onyxwolf.ovh\/index.php\/wp-json\/wp\/v2\/media?parent=293"}],"curies":[{"name":"wp","href":"https:\/\/api.w.org\/{rel}","templated":true}]}}